{"id":13488,"date":"2022-05-17T08:39:22","date_gmt":"2022-05-17T08:39:22","guid":{"rendered":"https:\/\/letopos.com\/mobile-client-landing\/"},"modified":"2022-05-17T09:20:27","modified_gmt":"2022-05-17T09:20:27","slug":"mobile-client-landing","status":"publish","type":"page","link":"https:\/\/letopos.com\/tr\/mobile-client-landing\/","title":{"rendered":"Mobile Client Landing"},"content":{"rendered":"<section class=\"l-section wpb_row us_custom_3b745cf9 height_large\"><div class=\"l-section-h i-cf\"><div class=\"g-cols vc_row via_grid cols_1 laptops-cols_inherit tablets-cols_inherit mobiles-cols_1 valign_middle type_default stacking_default\"><div class=\"wpb_column vc_column_container\"><div class=\"vc_column-inner\"><div class=\"g-cols wpb_row via_grid cols_2 laptops-cols_inherit tablets-cols_inherit mobiles-cols_1 valign_middle type_default stacking_default\" style=\"--columns-gap:3rem;\"><div class=\"wpb_column vc_column_container\"><div class=\"vc_column-inner\"><div class=\"wpb_text_column\"><div class=\"wpb_wrapper\"><h1><span style=\"color: #ff3131;\">SambaPOS<\/span><\/h1>\n<\/div><\/div><div class=\"wpb_text_column\"><div class=\"wpb_wrapper\"><h1><span style=\"color: #ff3131;\">Mobile Client \u2013 Android ve iOS<\/span><\/h1>\n<\/div><\/div><div class=\"w-separator size_custom\" style=\"height:25px\"><\/div><div class=\"wpb_text_column\"><div class=\"wpb_wrapper\"><h5><strong>H\u0131zl\u0131 ve do\u011fru sipari\u015f alman\u0131n yeni y\u00f6ntemi<\/strong><\/h5>\n<p>Sipari\u015fleri do\u011fru ve h\u0131zl\u0131 bir \u015fekilde almak bir i\u015fletme i\u00e7in vazge\u00e7ilmezdir.\u00a0Mobile Client size bu fayday\u0131 sa\u011flamak i\u00e7in geli\u015ftirildi.\u00a0Hem basit hem de g\u00fc\u00e7l\u00fc bir istemci ile i\u015flerinizi h\u0131zland\u0131rmak i\u00e7in mutlaka g\u00f6z at\u0131n.<\/p>\n<\/div><\/div><div class=\"w-separator size_custom\" style=\"height:25px\"><\/div><div class=\"w-btn-wrapper align_none\"><a class=\"w-btn us-btn-style_26\" title=\"SambaPOS Mobile Client\" href=\"https:\/\/sambapos.com\/sambapos-mobile-client\/\"><span class=\"w-btn-label\">\u015eimdi Sat\u0131n Al 49$<\/span><\/a><\/div><\/div><\/div><div class=\"wpb_column vc_column_container\"><div class=\"vc_column-inner\"><div class=\"w-image align_none\"><div class=\"w-image-h\"><img decoding=\"async\" width=\"600\" height=\"400\" src=\"https:\/\/letopos.com\/wp-content\/uploads\/What-Else-Do-You-Need-1.png\" class=\"attachment-large size-large\" alt=\"SambaPOS Mobile Client\" loading=\"lazy\" srcset=\"https:\/\/letopos.com\/wp-content\/uploads\/What-Else-Do-You-Need-1.png 600w, https:\/\/letopos.com\/wp-content\/uploads\/What-Else-Do-You-Need-1-300x200.png 300w, https:\/\/letopos.com\/wp-content\/uploads\/What-Else-Do-You-Need-1-100x67.png 100w, https:\/\/letopos.com\/wp-content\/uploads\/What-Else-Do-You-Need-1-150x100.png 150w, https:\/\/letopos.com\/wp-content\/uploads\/What-Else-Do-You-Need-1-120x80.png 120w, https:\/\/letopos.com\/wp-content\/uploads\/What-Else-Do-You-Need-1-200x133.png 200w, https:\/\/letopos.com\/wp-content\/uploads\/What-Else-Do-You-Need-1-66x44.png 66w, https:\/\/letopos.com\/wp-content\/uploads\/What-Else-Do-You-Need-1-45x30.png 45w, https:\/\/letopos.com\/wp-content\/uploads\/What-Else-Do-You-Need-1-60x40.png 60w, https:\/\/letopos.com\/wp-content\/uploads\/What-Else-Do-You-Need-1-400x267.png 400w\" sizes=\"auto, (max-width: 600px) 100vw, 600px\" \/><\/div><\/div><\/div><\/div><\/div><\/div><\/div><\/div><\/div><\/section><section class=\"l-section wpb_row us_custom_3b745cf9 height_medium\"><div class=\"l-section-h i-cf\"><div class=\"g-cols vc_row via_grid cols_1 laptops-cols_inherit tablets-cols_inherit mobiles-cols_1 valign_top type_default stacking_default\"><div class=\"wpb_column vc_column_container\"><div class=\"vc_column-inner\"><div class=\"g-cols wpb_row via_grid cols_1 laptops-cols_inherit tablets-cols_inherit mobiles-cols_1 valign_top type_default stacking_default\" style=\"--columns-gap:3rem;\"><div class=\"wpb_column vc_column_container\"><div class=\"vc_column-inner\"><div class=\"wpb_text_column\"><div class=\"wpb_wrapper\"><h2 style=\"text-align: center;\">Sipari\u015f alman\u0131n h\u0131zl\u0131 ve kolay yolu<\/h2>\n<\/div><\/div><div class=\"w-separator size_custom\" style=\"height:25px\"><\/div><div class=\"wpb_text_column\"><div class=\"wpb_wrapper\"><h6 style=\"text-align: center;\">T\u00fcm android ve iOS cihazlar\u0131, masa ba\u015f\u0131 sipari\u015f cihaz\u0131na d\u00f6n\u00fc\u015ft\u00fcrmek m\u00fcmk\u00fcn.<\/h6>\n<\/div><\/div><\/div><\/div><\/div><div class=\"w-separator size_custom\" style=\"height:50px\"><\/div><div class=\"g-cols wpb_row via_grid cols_4 laptops-cols_inherit tablets-cols_inherit mobiles-cols_1 valign_top type_default stacking_default\" style=\"--columns-gap:1rem;\"><div class=\"wpb_column vc_column_container us_custom_c15e1adc has_bg_color\"><div class=\"vc_column-inner\"><div class=\"wpb_text_column\"><div class=\"wpb_wrapper\"><h6 class=\"w-iconbox-title\"><b>Cihaz Ba\u011f\u0131ms\u0131zl\u0131\u011f\u0131<\/b><\/h6>\n<div class=\"w-iconbox-text\">\n<ul>\n<li>Her marka model cihaz ile kullanabilme<\/li>\n<li>Ayn\u0131 cihaz\u0131 bir \u00e7ok kullan\u0131c\u0131 ile kullanabilme<\/li>\n<li>\u00c7\u00f6z\u00fcn\u00fcrl\u00fck ayr\u0131m\u0131 olmadan kullan\u0131labilme<\/li>\n<\/ul>\n<\/div>\n<\/div><\/div><\/div><\/div><div class=\"wpb_column vc_column_container us_custom_c15e1adc has_bg_color\"><div class=\"vc_column-inner\"><div class=\"wpb_text_column\"><div class=\"wpb_wrapper\"><h6 class=\"w-iconbox-title\"><b>Ek \u00d6zellikler<\/b><\/h6>\n<div class=\"w-iconbox-text\">\n<ul>\n<li>Masaya alt adisyon a\u00e7abilme<\/li>\n<li>Hesap yazd\u0131rabilme<\/li>\n<li>Lisansl\u0131 ilave terminal ekleme<\/li>\n<\/ul>\n<\/div>\n<\/div><\/div><\/div><\/div><div class=\"wpb_column vc_column_container us_custom_c15e1adc has_bg_color\"><div class=\"vc_column-inner\"><div class=\"wpb_text_column\"><div class=\"wpb_wrapper\"><h6 class=\"w-iconbox-title\"><b>Sipari\u015f<\/b><\/h6>\n<div class=\"w-iconbox-text\">\n<div class=\"w-iconbox-text\">\n<ul>\n<li>SambaPOS\u2019daki t\u00fcm \u00f6zelliklerle sipari\u015f alabilme<\/li>\n<li>Sipari\u015fe not ekleyebilme<\/li>\n<li>Masa durumu takibi<\/li>\n<\/ul>\n<\/div>\n<\/div>\n<\/div><\/div><\/div><\/div><div class=\"wpb_column vc_column_container us_custom_c15e1adc has_bg_color\"><div class=\"vc_column-inner\"><div class=\"wpb_text_column\"><div class=\"wpb_wrapper\"><h6 class=\"w-iconbox-title\"><b>Fazla Se\u00e7enek Az Ayar<\/b><\/h6>\n<div class=\"w-iconbox-text\">\n<div class=\"w-iconbox-text\">\n<ul>\n<li>Se\u00e7eneklerin otomatik listelenmesi<\/li>\n<li>\u0130htiyaca g\u00f6re se\u00e7enek de\u011fi\u015ftirme<\/li>\n<li>\u0130stenildi\u011finde ayar d\u00fczenleme<\/li>\n<\/ul>\n<\/div>\n<\/div>\n<\/div><\/div><\/div><\/div><\/div><\/div><\/div><\/div><\/div><\/section>\n","protected":false},"excerpt":{"rendered":"SambaPOS Mobile Client \u2013 Android ve iOS H\u0131zl\u0131 ve do\u011fru sipari\u015f alman\u0131n yeni y\u00f6ntemi Sipari\u015fleri do\u011fru ve h\u0131zl\u0131 bir \u015fekilde almak bir i\u015fletme i\u00e7in vazge\u00e7ilmezdir.\u00a0Mobile Client size bu fayday\u0131 sa\u011flamak i\u00e7in geli\u015ftirildi.\u00a0Hem basit hem de g\u00fc\u00e7l\u00fc bir istemci ile i\u015flerinizi h\u0131zland\u0131rmak i\u00e7in mutlaka g\u00f6z at\u0131n. \u015eimdi Sat\u0131n Al 49$Sipari\u015f alman\u0131n h\u0131zl\u0131 ve kolay yolu T\u00fcm...","protected":false},"author":1,"featured_media":0,"parent":0,"menu_order":0,"comment_status":"closed","ping_status":"closed","template":"","meta":{"footnotes":""},"class_list":["post-13488","page","type-page","status-publish","hentry"],"_links":{"self":[{"href":"https:\/\/letopos.com\/tr\/wp-json\/wp\/v2\/pages\/13488","targetHints":{"allow":["GET"]}}],"collection":[{"href":"https:\/\/letopos.com\/tr\/wp-json\/wp\/v2\/pages"}],"about":[{"href":"https:\/\/letopos.com\/tr\/wp-json\/wp\/v2\/types\/page"}],"author":[{"embeddable":true,"href":"https:\/\/letopos.com\/tr\/wp-json\/wp\/v2\/users\/1"}],"replies":[{"embeddable":true,"href":"https:\/\/letopos.com\/tr\/wp-json\/wp\/v2\/comments?post=13488"}],"version-history":[{"count":7,"href":"https:\/\/letopos.com\/tr\/wp-json\/wp\/v2\/pages\/13488\/revisions"}],"predecessor-version":[{"id":13503,"href":"https:\/\/letopos.com\/tr\/wp-json\/wp\/v2\/pages\/13488\/revisions\/13503"}],"wp:attachment":[{"href":"https:\/\/letopos.com\/tr\/wp-json\/wp\/v2\/media?parent=13488"}],"curies":[{"name":"wp","href":"https:\/\/api.w.org\/{rel}","templated":true}]}}