{"id":19721,"date":"2026-03-24T09:28:07","date_gmt":"2026-03-24T09:28:07","guid":{"rendered":"https:\/\/letopos.com\/?page_id=19721"},"modified":"2026-03-24T09:28:07","modified_gmt":"2026-03-24T09:28:07","slug":"contact-us","status":"publish","type":"page","link":"https:\/\/letopos.com\/us\/contact-us\/","title":{"rendered":"Contact Us"},"content":{"rendered":"<section class=\"l-section wpb_row us_custom_3b745cf9 height_medium\"><div class=\"l-section-h i-cf\"><div class=\"g-cols vc_row via_grid cols_2 laptops-cols_inherit tablets-cols_inherit mobiles-cols_1 valign_top type_default stacking_default\" style=\"--columns-gap:calc(3rem + 10px);\"><div class=\"wpb_column vc_column_container\"><div class=\"vc_column-inner\"><div class=\"g-cols wpb_row us_custom_2c4f4a12 via_grid cols_1 laptops-cols_inherit tablets-cols_inherit mobiles-cols_1 valign_top type_default stacking_default\" style=\"--columns-gap:3rem;\"><div class=\"wpb_column vc_column_container\"><div class=\"vc_column-inner\"><h3 class=\"w-text\"><span class=\"w-text-h\"><span class=\"w-text-value\">USA Office<\/span><\/span><\/h3><div class=\"w-separator size_custom\" style=\"height:1rem\"><\/div><div class=\"w-iconbox iconpos_left style_default color_primary align_left no_text\"><div class=\"w-iconbox-icon\" style=\"font-size:20px;\"><i class=\"fal fa-building\"><\/i><\/div><div class=\"w-iconbox-meta\"><h6 class=\"w-iconbox-title\">SambaPOS Inc.<\/h6><\/div><\/div><div class=\"w-separator size_custom\" style=\"height:1rem\"><\/div><div class=\"w-iconbox iconpos_left style_default color_primary align_left no_text\"><div class=\"w-iconbox-icon\" style=\"font-size:20px;\"><i class=\"fal fa-map-marker-alt\"><\/i><\/div><div class=\"w-iconbox-meta\"><h6 class=\"w-iconbox-title\">1401 Pennsylvania Ave. Unit 105, Wilmington, DE, 19806<\/h6><\/div><\/div><div class=\"w-separator size_custom\" style=\"height:1rem\"><\/div><div class=\"w-iconbox iconpos_left style_default color_primary align_left no_text\"><a href=\"mailto:hello@sambapos.com\" class=\"w-iconbox-link\" aria-label=\"info@sambapos.com\"><div class=\"w-iconbox-icon\" style=\"font-size:20px;\"><i class=\"fal fa-envelope\"><\/i><\/div><\/a><div class=\"w-iconbox-meta\"><h6 class=\"w-iconbox-title\"><a href=\"mailto:hello@sambapos.com\" class=\"w-iconbox-link\" aria-label=\"info@sambapos.com\">info@sambapos.com<\/a><\/h6><\/div><\/div><\/div><\/div><\/div><div class=\"w-separator size_medium\"><\/div><div class=\"g-cols wpb_row us_custom_2c4f4a12 via_grid cols_1 laptops-cols_inherit tablets-cols_inherit mobiles-cols_1 valign_top type_default stacking_default\" style=\"--columns-gap:3rem;\"><div class=\"wpb_column vc_column_container\"><div class=\"vc_column-inner\"><h4 class=\"w-text\"><span class=\"w-text-h\"><span class=\"w-text-value\">R&amp;D Center<\/span><\/span><\/h4><div class=\"w-separator size_custom\" style=\"height:1rem\"><\/div><div class=\"w-iconbox iconpos_left style_default color_primary align_left no_text\"><div class=\"w-iconbox-icon\" style=\"font-size:20px;\"><i class=\"fal fa-map-marker-alt\"><\/i><\/div><div class=\"w-iconbox-meta\"><div class=\"w-iconbox-title\">Bah\u00e7elievler Mahallesi Mehmet\u00e7ik Sokak No:1-B01 Kat Plaza Kat:3 Ofis 305, 34180 Bah\u00e7elievler \/ \u0130stanbul \u2013 Turkey<\/div><\/div><\/div><div class=\"w-separator size_custom\" style=\"height:1rem\"><\/div><div class=\"w-iconbox iconpos_left style_default color_primary align_left no_text\"><div class=\"w-iconbox-icon\" style=\"font-size:20px;\"><i class=\"fal fa-phone\"><\/i><\/div><div class=\"w-iconbox-meta\"><div class=\"w-iconbox-title\">+90 212 252 0634<\/div><\/div><\/div><div class=\"w-separator size_custom\" style=\"height:1rem\"><\/div><div class=\"w-iconbox iconpos_left style_default color_primary align_left no_text\"><a href=\"mailto:info@sambapos.com\" class=\"w-iconbox-link\" aria-label=\"info@sambapos.com\"><div class=\"w-iconbox-icon\" style=\"font-size:20px;\"><i class=\"fal fa-envelope\"><\/i><\/div><\/a><div class=\"w-iconbox-meta\"><div class=\"w-iconbox-title\"><a href=\"mailto:info@sambapos.com\" class=\"w-iconbox-link\" aria-label=\"info@sambapos.com\">info@sambapos.com<\/a><\/div><\/div><\/div><\/div><\/div><\/div><div class=\"w-separator size_medium\"><\/div><div class=\"g-cols wpb_row via_grid cols_2 laptops-cols_inherit tablets-cols_inherit mobiles-cols_1 valign_top type_default stacking_default\" style=\"--columns-gap:3rem;\"><div class=\"wpb_column vc_column_container us_custom_6b8248eb\"><div class=\"vc_column-inner\"><div class=\"w-iconbox iconpos_left style_default color_primary align_left\"><div class=\"w-iconbox-icon\" style=\"font-size:2rem;\"><i class=\"fas fa-angle-right\"><\/i><\/div><div class=\"w-iconbox-meta\"><h6 class=\"w-iconbox-title\"><b>Partnerships<\/b><\/h6><div class=\"w-iconbox-text\"><p class=\"margin-bottomSM\">Contact the SambaPOS Partner Program team.<\/p>\n<p><a href=\"https:\/\/letopos.com\/us\/resellers\/\">Learn More<\/a><\/p>\n<\/div><\/div><\/div><\/div><\/div><div class=\"wpb_column vc_column_container us_custom_6b8248eb\"><div class=\"vc_column-inner\"><div class=\"w-iconbox iconpos_left style_default color_primary align_left\"><div class=\"w-iconbox-icon\" style=\"font-size:2rem;\"><i class=\"fas fa-angle-right\"><\/i><\/div><div class=\"w-iconbox-meta\"><h6 class=\"w-iconbox-title\"><b>Careers<\/b><\/h6><div class=\"w-iconbox-text\"><p class=\"margin-bottomSM\">View our open jobs and apply here to join the team.<\/p>\n<p><a href=\"https:\/\/letopos.com\/us\/careers\/\">Learn More<\/a><\/p>\n<\/div><\/div><\/div><\/div><\/div><\/div><\/div><\/div><div class=\"wpb_column vc_column_container\"><div class=\"vc_column-inner\"><div class=\"g-cols wpb_row us_custom_4fe2f0fa via_grid cols_1 laptops-cols_inherit tablets-cols_inherit mobiles-cols_1 valign_top type_default stacking_default\" style=\"--columns-gap:3rem;\"><div class=\"wpb_column vc_column_container\"><div class=\"vc_column-inner\"><h3 class=\"w-text us_custom_eb849559\"><span class=\"w-text-h\"><span class=\"w-text-value\">Send us a Message<\/span><\/span><\/h3><div class=\"w-separator size_custom\" style=\"height:1rem\"><\/div><script>\nvar gform;gform||(document.addEventListener(\"gform_main_scripts_loaded\",function(){gform.scriptsLoaded=!0}),document.addEventListener(\"gform\/theme\/scripts_loaded\",function(){gform.themeScriptsLoaded=!0}),window.addEventListener(\"DOMContentLoaded\",function(){gform.domLoaded=!0}),gform={domLoaded:!1,scriptsLoaded:!1,themeScriptsLoaded:!1,isFormEditor:()=>\"function\"==typeof InitializeEditor,callIfLoaded:function(o){return!(!gform.domLoaded||!gform.scriptsLoaded||!gform.themeScriptsLoaded&&!gform.isFormEditor()||(gform.isFormEditor()&&console.warn(\"The use of gform.initializeOnLoaded() is deprecated in the form editor context and will be removed in Gravity Forms 3.1.\"),o(),0))},initializeOnLoaded:function(o){gform.callIfLoaded(o)||(document.addEventListener(\"gform_main_scripts_loaded\",()=>{gform.scriptsLoaded=!0,gform.callIfLoaded(o)}),document.addEventListener(\"gform\/theme\/scripts_loaded\",()=>{gform.themeScriptsLoaded=!0,gform.callIfLoaded(o)}),window.addEventListener(\"DOMContentLoaded\",()=>{gform.domLoaded=!0,gform.callIfLoaded(o)}))},hooks:{action:{},filter:{}},addAction:function(o,r,e,t){gform.addHook(\"action\",o,r,e,t)},addFilter:function(o,r,e,t){gform.addHook(\"filter\",o,r,e,t)},doAction:function(o){gform.doHook(\"action\",o,arguments)},applyFilters:function(o){return gform.doHook(\"filter\",o,arguments)},removeAction:function(o,r){gform.removeHook(\"action\",o,r)},removeFilter:function(o,r,e){gform.removeHook(\"filter\",o,r,e)},addHook:function(o,r,e,t,n){null==gform.hooks[o][r]&&(gform.hooks[o][r]=[]);var d=gform.hooks[o][r];null==n&&(n=r+\"_\"+d.length),gform.hooks[o][r].push({tag:n,callable:e,priority:t=null==t?10:t})},doHook:function(r,o,e){var t;if(e=Array.prototype.slice.call(e,1),null!=gform.hooks[r][o]&&((o=gform.hooks[r][o]).sort(function(o,r){return o.priority-r.priority}),o.forEach(function(o){\"function\"!=typeof(t=o.callable)&&(t=window[t]),\"action\"==r?t.apply(null,e):e[0]=t.apply(null,e)})),\"filter\"==r)return e[0]},removeHook:function(o,r,t,n){var e;null!=gform.hooks[o][r]&&(e=(e=gform.hooks[o][r]).filter(function(o,r,e){return!!(null!=n&&n!=o.tag||null!=t&&t!=o.priority)}),gform.hooks[o][r]=e)}});\n<\/script>\n\n                <div class='gf_browser_gecko gform_wrapper gravity-theme gform-theme--no-framework' data-form-theme='gravity-theme' data-form-index='0' id='gform_wrapper_44' ><form method='post' enctype='multipart\/form-data'  id='gform_44'  action='\/us\/wp-json\/wp\/v2\/pages\/19721' data-formid='44' novalidate><div class='gf_invisible ginput_recaptchav3' data-sitekey='6Lc7VKcgAAAAAJGzN-XYn58py-FSz_Mt1mMGEysL' data-tabindex='0'><input id=\"input_e0011c3b186e38b2c7884fbc5cf5f3b2\" class=\"gfield_recaptcha_response\" type=\"hidden\" name=\"input_e0011c3b186e38b2c7884fbc5cf5f3b2\" value=\"\"\/><\/div>\n                        <div class='gform-body gform_body'><div id='gform_fields_44' class='gform_fields top_label form_sublabel_below description_below validation_below'><div id=\"field_44_24\" class=\"gfield gfield--type-text gfield--width-full gfield_contains_required field_sublabel_below gfield--no-description field_description_below hidden_label field_validation_below gfield_visibility_visible\"  ><label class='gfield_label gform-field-label' for='input_44_24'>Name \/ Last Name<span class=\"gfield_required\"><span class=\"gfield_required gfield_required_text\">(Required)<\/span><\/span><\/label><div class='ginput_container ginput_container_text'><input name='input_24' id='input_44_24' type='text' value='' class='large'    placeholder='Name \/ Last Name' aria-required=\"true\" aria-invalid=\"false\"   \/><\/div><\/div><div id=\"field_44_13\" class=\"gfield gfield--type-phone gfield--width-full gf_left_half gfield--width-half gfield_contains_required field_sublabel_below gfield--no-description field_description_below hidden_label field_validation_below gfield_visibility_visible\"  ><label class='gfield_label gform-field-label' for='input_44_13'>Phone Number:<span class=\"gfield_required\"><span class=\"gfield_required gfield_required_text\">(Required)<\/span><\/span><\/label><div class='ginput_container ginput_container_phone'><input name='input_13' id='input_44_13' type='tel' value='' class='large'  placeholder='Phone Number:' aria-required=\"true\" aria-invalid=\"false\"   \/><\/div><\/div><div id=\"field_44_14\" class=\"gfield gfield--type-email gfield--width-full gf_left_half gfield--width-half gfield_contains_required field_sublabel_below gfield--no-description field_description_below hidden_label field_validation_below gfield_visibility_visible\"  ><label class='gfield_label gform-field-label' for='input_44_14'>Email:<span class=\"gfield_required\"><span class=\"gfield_required gfield_required_text\">(Required)<\/span><\/span><\/label><div class='ginput_container ginput_container_email'>\n                            <input name='input_14' id='input_44_14' type='email' value='' class='large'   placeholder='Email:' aria-required=\"true\" aria-invalid=\"false\"  \/>\n                        <\/div><\/div><div id=\"field_44_21\" class=\"gfield gfield--type-text gfield--width-full gf_left_half gfield--width-half field_sublabel_below gfield--no-description field_description_below field_validation_below gfield_visibility_visible\"  ><label class='gfield_label gform-field-label screen-reader-text' for='input_44_21'>City<\/label><div class='ginput_container ginput_container_text'><input name='input_21' id='input_44_21' type='text' value='' class='large'    placeholder='City'  aria-invalid=\"false\"   \/><\/div><\/div><div id=\"field_44_23\" class=\"gfield gfield--type-text gfield--width-full gf_left_half gfield--width-half field_sublabel_below gfield--no-description field_description_below field_validation_below gfield_visibility_visible\"  ><label class='gfield_label gform-field-label screen-reader-text' for='input_44_23'>Country<\/label><div class='ginput_container ginput_container_text'><input name='input_23' id='input_44_23' type='text' value='' class='large'    placeholder='Country'  aria-invalid=\"false\"   \/><\/div><\/div><div id=\"field_44_20\" class=\"gfield gfield--type-textarea gfield--width-full field_sublabel_below gfield--no-description field_description_below hidden_label field_validation_below gfield_visibility_visible\"  ><label class='gfield_label gform-field-label' for='input_44_20'>Message<\/label><div class='ginput_container ginput_container_textarea'><textarea name='input_20' id='input_44_20' class='textarea large'    placeholder='Message'  aria-invalid=\"false\"   rows='10' cols='50'><\/textarea><\/div><\/div><div id=\"field_44_19\" class=\"gfield gfield--type-section gsection field_sublabel_below gfield--no-description field_description_below field_validation_below gfield_visibility_visible\"  ><h3 class=\"gsection_title\"><\/h3><\/div><div id=\"field_44_25\" class=\"gfield gfield--type-captcha field_sublabel_below gfield--no-description field_description_below field_validation_below gfield_visibility_visible\"  ><label class='gfield_label gform-field-label' for='input_44_25'>CAPTCHA<\/label><div id='input_44_25' class='ginput_container ginput_recaptcha' data-sitekey='6LeeGA8UAAAAAEpUhw1S03zupUH9rJGp6q_JPOxM'  data-theme='light' data-tabindex='0'  data-badge=''><\/div><\/div><\/div><\/div>\n        <div class='gform-footer gform_footer top_label'> <input type='submit' id='gform_submit_button_44' class='gform_button button' onclick='gform.submission.handleButtonClick(this);' data-submission-type='submit' value='Send'  \/> \n            <input type='hidden' class='gform_hidden' name='gform_submission_method' data-js='gform_submission_method_44' value='postback' \/>\n            <input type='hidden' class='gform_hidden' name='gform_theme' data-js='gform_theme_44' id='gform_theme_44' value='gravity-theme' \/>\n            <input type='hidden' class='gform_hidden' name='gform_style_settings' data-js='gform_style_settings_44' id='gform_style_settings_44' value='[]' \/>\n            <input type='hidden' class='gform_hidden' name='is_submit_44' value='1' \/>\n            <input type='hidden' class='gform_hidden' name='gform_submit' value='44' \/>\n            \n            <input type='hidden' class='gform_hidden' name='gform_unique_id' value='' \/>\n            <input type='hidden' class='gform_hidden' name='state_44' value='WyJbXSIsIjE0ZjBkYzMxNWU3OGU1YTRiMTZkMTgzMzg3YzM3MTUwIl0=' \/>\n            <input type='hidden' autocomplete='off' class='gform_hidden' name='gform_target_page_number_44' id='gform_target_page_number_44' value='0' \/>\n            <input type='hidden' autocomplete='off' class='gform_hidden' name='gform_source_page_number_44' id='gform_source_page_number_44' value='1' \/>\n            <input type='hidden' name='gform_field_values' value='' \/>\n            \n        <\/div>\n                        <\/form>\n                        <\/div><script>\ngform.initializeOnLoaded( function() {gformInitSpinner( 44, 'https:\/\/letopos.com\/wp-content\/plugins\/gravityforms\/images\/spinner.svg', true );jQuery('#gform_ajax_frame_44').on('load',function(){var contents = jQuery(this).contents().find('*').html();var is_postback = contents.indexOf('GF_AJAX_POSTBACK') >= 0;if(!is_postback){return;}var form_content = jQuery(this).contents().find('#gform_wrapper_44');var is_confirmation = jQuery(this).contents().find('#gform_confirmation_wrapper_44').length > 0;var is_redirect = contents.indexOf('gformRedirect(){') >= 0;var is_form = form_content.length > 0 && ! is_redirect && ! is_confirmation;var mt = parseInt(jQuery('html').css('margin-top'), 10) + parseInt(jQuery('body').css('margin-top'), 10) + 100;if(is_form){jQuery('#gform_wrapper_44').html(form_content.html());if(form_content.hasClass('gform_validation_error')){jQuery('#gform_wrapper_44').addClass('gform_validation_error');} else {jQuery('#gform_wrapper_44').removeClass('gform_validation_error');}setTimeout( function() { \/* delay the scroll by 50 milliseconds to fix a bug in chrome *\/  }, 50 );if(window['gformInitDatepicker']) {gformInitDatepicker();}if(window['gformInitPriceFields']) {gformInitPriceFields();}var current_page = jQuery('#gform_source_page_number_44').val();gformInitSpinner( 44, 'https:\/\/letopos.com\/wp-content\/plugins\/gravityforms\/images\/spinner.svg', true );jQuery(document).trigger('gform_page_loaded', [44, current_page]);window['gf_submitting_44'] = false;}else if(!is_redirect){var confirmation_content = jQuery(this).contents().find('.GF_AJAX_POSTBACK').html();if(!confirmation_content){confirmation_content = contents;}jQuery('#gform_wrapper_44').replaceWith(confirmation_content);jQuery(document).trigger('gform_confirmation_loaded', [44]);window['gf_submitting_44'] = false;wp.a11y.speak(jQuery('#gform_confirmation_message_44').text());}else{jQuery('#gform_44').append(contents);if(window['gformRedirect']) {gformRedirect();}}jQuery(document).trigger(\"gform_pre_post_render\", [{ formId: \"44\", currentPage: \"current_page\", abort: function() { this.preventDefault(); } }]);        if (event && event.defaultPrevented) {                return;        }        const gformWrapperDiv = document.getElementById( \"gform_wrapper_44\" );        if ( gformWrapperDiv ) {            const visibilitySpan = document.createElement( \"span\" );            visibilitySpan.id = \"gform_visibility_test_44\";            gformWrapperDiv.insertAdjacentElement( \"afterend\", visibilitySpan );        }        const visibilityTestDiv = document.getElementById( \"gform_visibility_test_44\" );        let postRenderFired = false;        function triggerPostRender() {            if ( postRenderFired ) {                return;            }            postRenderFired = true;            gform.core.triggerPostRenderEvents( 44, current_page );            if ( visibilityTestDiv ) {                visibilityTestDiv.parentNode.removeChild( visibilityTestDiv );            }        }        function debounce( func, wait, immediate ) {            var timeout;            return function() {                var context = this, args = arguments;                var later = function() {                    timeout = null;                    if ( !immediate ) func.apply( context, args );                };                var callNow = immediate && !timeout;                clearTimeout( timeout );                timeout = setTimeout( later, wait );                if ( callNow ) func.apply( context, args );            };        }        const debouncedTriggerPostRender = debounce( function() {            triggerPostRender();        }, 200 );        if ( visibilityTestDiv && visibilityTestDiv.offsetParent === null ) {            const observer = new MutationObserver( ( mutations ) => {                mutations.forEach( ( mutation ) => {                    if ( mutation.type === 'attributes' && visibilityTestDiv.offsetParent !== null ) {                        debouncedTriggerPostRender();                        observer.disconnect();                    }                });            });            observer.observe( document.body, {                attributes: true,                childList: false,                subtree: true,                attributeFilter: [ 'style', 'class' ],            });        } else {            triggerPostRender();        }    } );} );\n<\/script>\n<\/div><\/div><\/div><\/div><\/div><\/div><\/div><\/section>\n","protected":false},"excerpt":{"rendered":"USA OfficeSambaPOS Inc.1401 Pennsylvania Ave. Unit 105, Wilmington, DE, 19806info@sambapos.comR&amp;D CenterBah\u00e7elievler Mahallesi Mehmet\u00e7ik Sokak No:1-B01 Kat Plaza Kat:3 Ofis 305, 34180 Bah\u00e7elievler \/ \u0130stanbul \u2013 Turkey+90 212 252 0634info@sambapos.comPartnershipsContact the SambaPOS Partner Program team. Learn More CareersView our open jobs and apply here to join the team. Learn More Send us a Message Name \/...","protected":false},"author":7,"featured_media":0,"parent":0,"menu_order":0,"comment_status":"closed","ping_status":"closed","template":"","meta":{"footnotes":""},"class_list":["post-19721","page","type-page","status-publish","hentry"],"_links":{"self":[{"href":"https:\/\/letopos.com\/us\/wp-json\/wp\/v2\/pages\/19721","targetHints":{"allow":["GET"]}}],"collection":[{"href":"https:\/\/letopos.com\/us\/wp-json\/wp\/v2\/pages"}],"about":[{"href":"https:\/\/letopos.com\/us\/wp-json\/wp\/v2\/types\/page"}],"author":[{"embeddable":true,"href":"https:\/\/letopos.com\/us\/wp-json\/wp\/v2\/users\/7"}],"replies":[{"embeddable":true,"href":"https:\/\/letopos.com\/us\/wp-json\/wp\/v2\/comments?post=19721"}],"version-history":[{"count":1,"href":"https:\/\/letopos.com\/us\/wp-json\/wp\/v2\/pages\/19721\/revisions"}],"predecessor-version":[{"id":19722,"href":"https:\/\/letopos.com\/us\/wp-json\/wp\/v2\/pages\/19721\/revisions\/19722"}],"wp:attachment":[{"href":"https:\/\/letopos.com\/us\/wp-json\/wp\/v2\/media?parent=19721"}],"curies":[{"name":"wp","href":"https:\/\/api.w.org\/{rel}","templated":true}]}}