{"id":19723,"date":"2026-03-24T09:28:35","date_gmt":"2026-03-24T09:28:35","guid":{"rendered":"https:\/\/letopos.com\/?page_id=19723"},"modified":"2026-03-24T09:28:35","modified_gmt":"2026-03-24T09:28:35","slug":"cookie-use-policy","status":"publish","type":"page","link":"https:\/\/letopos.com\/us\/cookie-use-policy\/","title":{"rendered":"Cookie Use Policy"},"content":{"rendered":"<section class=\"l-section wpb_row height_medium\"><div class=\"l-section-h i-cf\"><div class=\"g-cols vc_row via_grid cols_1-4-1 laptops-cols_inherit tablets-cols_inherit mobiles-cols_1 valign_top type_default stacking_default\"><div class=\"wpb_column vc_column_container\"><div class=\"vc_column-inner\"><\/div><\/div><div class=\"wpb_column vc_column_container\"><div class=\"vc_column-inner\"><div class=\"g-cols wpb_row via_grid cols_1 laptops-cols_inherit tablets-cols_inherit mobiles-cols_1 valign_top type_default stacking_default\" style=\"--columns-gap:3rem;\"><div class=\"wpb_column vc_column_container\"><div class=\"vc_column-inner\"><div class=\"wpb_text_column us_custom_432d3f53\"><div class=\"wpb_wrapper\"><h2><strong>Cookie use policy<\/strong><\/h2>\n<p>Utility programs and cookies might be used so that the user can benefit from the Website or certain Services offered by the Website, perform tasks faster and more actively, user preferences are evaluated, the Website is customized\/personalized according to user preferences, advertising activity is performed, and performance of the Website is increased.<\/p>\n<p>When the Services\/Website are\/is used, data about the form and scope of such use are stored in the database of Website and\/or some cookies are used and through these cookies, information is sent to the User. Data saved through cookies are processed and stored by SambaPOS Yaz\u0131l\u0131m Sanayi ve Ticaret A.\u015e. (\u201cSambaPOS\u201d). Cookies that are used on the website are explained below. You can refer to settings of your browser to change cookie settings or block cookies.<\/p>\n<p>Unless you change your Cookie settings, it is assumed that you accept the use of cookies on this Website.<\/p>\n<p>If you block cookies or change the relevant settings, your access to the Website, its features or Services might be restricted partially or completely.<\/p>\n<p>This Cookie Policy can be changed without notice. The last update date is specified above.<\/p>\n<p>Click\u00a0to read personal data policy of SambaPOS Yaz\u0131l\u0131m Sanayi ve Ticaret A.\u015e.<\/p>\n<h5><strong>Cookies that are used on the website<\/strong><\/h5>\n<hr \/>\n<p><strong>Google Analytics<\/strong><\/p>\n<p>Google Analytics is a free analysis tool by Google that helps website and application owners understand what the users do on their websites and applications. The tool can use a set of cookies to collect information without identifying the visitors and report website statistics to Google. The first-party cookie that is used by Google Analytics is named \u2018_ga\u2019 cookie.<br \/>\n<a href=\"applewebdata:\/\/8E4D9F55-D59A-46C2-8966-9C28BE7A4166\/%20https:\/marketingplatform.google.com\/about\/\">Learn more<\/a>\u00a0about\u00a0<a href=\"https:\/\/developers.google.com\/analytics\/devguides\/collection\/analyticsjs\/cookie-usage?hl=en\">Analytics cookies and privacy data<\/a><\/p>\n<hr \/>\n<p><strong>Google Ads<\/strong><\/p>\n<p>Google uses cookies like NID and SID to help customize ads on Google properties like Google Search. We use such cookies, for example, to remember your recent searches, your interactions with previous search results or ads of an advertiser, and your visits to the website of an advertiser. This use helps us show customized ads to you on Google. Click for more information.<\/p>\n<hr \/>\n<p><strong>Insider<\/strong><\/p>\n<p>Insider uses \u201ccookies\u201d which are small text files containing a unique identifier of your computer or a third-party analytics provider through the web browser. It uses these cookies to improve services and websites. Insider uses Google Analytics to track the performance of specific marketing campaigns and some of its products. This means to allow the third-party service providers to create tailored advertisements on behalf of Insider across different touchpoints. These service providers may collect your IP address and non-personally identifiable information such as your contact details. These cookies also provide statistical information on how our website is being used and its performance. For more information on Insider\u2019s use of cookies (including rejection options), you can visit\u00a0<a href=\"https:\/\/useinsider.com\/privacy-policy\/\">on this address<\/a>.<\/p>\n<hr \/>\n<p><strong>Facebook<\/strong><\/p>\n<p>Facebook uses cookies if you have a Facebook account, use Facebook products including the website and applications, or visit websites or applications that use Facebook products (including the Like button and other Facebook Technologies). Cookies helps Facebook offer Facebook products to you and understand the information collected about you including your use of other websites and applications, regardless of whether you are registered or logged in or not. It uses cookies for the purposes of identity check, security and site integrity, advertisements, recommendations, measurement, analysis and reporting.<br \/>\nClick for\u00a0<a href=\"https:\/\/www.facebook.com\/privacy\/explanation\">Facebook privacy policy.<\/a><\/p>\n<\/div><\/div><\/div><\/div><\/div><\/div><\/div><div class=\"wpb_column vc_column_container\"><div class=\"vc_column-inner\"><\/div><\/div><\/div><\/div><\/section>\n","protected":false},"excerpt":{"rendered":"Cookie use policy Utility programs and cookies might be used so that the user can benefit from the Website or certain Services offered by the Website, perform tasks faster and more actively, user preferences are evaluated, the Website is customized\/personalized according to user preferences, advertising activity is performed, and performance of the Website is increased....","protected":false},"author":7,"featured_media":0,"parent":0,"menu_order":0,"comment_status":"closed","ping_status":"closed","template":"","meta":{"footnotes":""},"class_list":["post-19723","page","type-page","status-publish","hentry"],"_links":{"self":[{"href":"https:\/\/letopos.com\/us\/wp-json\/wp\/v2\/pages\/19723","targetHints":{"allow":["GET"]}}],"collection":[{"href":"https:\/\/letopos.com\/us\/wp-json\/wp\/v2\/pages"}],"about":[{"href":"https:\/\/letopos.com\/us\/wp-json\/wp\/v2\/types\/page"}],"author":[{"embeddable":true,"href":"https:\/\/letopos.com\/us\/wp-json\/wp\/v2\/users\/7"}],"replies":[{"embeddable":true,"href":"https:\/\/letopos.com\/us\/wp-json\/wp\/v2\/comments?post=19723"}],"version-history":[{"count":1,"href":"https:\/\/letopos.com\/us\/wp-json\/wp\/v2\/pages\/19723\/revisions"}],"predecessor-version":[{"id":19724,"href":"https:\/\/letopos.com\/us\/wp-json\/wp\/v2\/pages\/19723\/revisions\/19724"}],"wp:attachment":[{"href":"https:\/\/letopos.com\/us\/wp-json\/wp\/v2\/media?parent=19723"}],"curies":[{"name":"wp","href":"https:\/\/api.w.org\/{rel}","templated":true}]}}