{"id":19797,"date":"2026-03-24T09:44:12","date_gmt":"2026-03-24T09:44:12","guid":{"rendered":"https:\/\/letopos.com\/?page_id=19797"},"modified":"2026-03-24T09:44:12","modified_gmt":"2026-03-24T09:44:12","slug":"our-blog","status":"publish","type":"page","link":"https:\/\/letopos.com\/us\/our-blog\/","title":{"rendered":"Our Blog"},"content":{"rendered":"<section class=\"l-section wpb_row height_large width_custom\" style=\"--site-content-width:1200px;\"><div class=\"l-section-h i-cf\"><div class=\"g-cols vc_row via_grid cols_1 laptops-cols_inherit tablets-cols_inherit mobiles-cols_1 valign_top type_default stacking_default\"><div class=\"wpb_column vc_column_container\"><div class=\"vc_column-inner\"><div class=\"g-cols wpb_row via_grid cols_2 laptops-cols_inherit tablets-cols_inherit mobiles-cols_1 valign_top type_default stacking_default\" style=\"--columns-gap:3rem;\"><div class=\"wpb_column vc_column_container\"><div class=\"vc_column-inner\"><\/div><\/div><div class=\"wpb_column vc_column_container\"><div class=\"vc_column-inner\">[vc_wp_search]<\/div><\/div><\/div><div class=\"w-separator size_large\"><\/div><div class=\"w-grid us_grid type_masonry layout_blog_11 cols_2 pagination_infinite preload_style_spinner with_isotope with_css_animation\" id=\"us_grid_1\" style=\"--columns:2;--gap:3rem;\" data-filterable=\"true\"><style>@media (max-width:600px){#us_grid_1{--columns:1!important}}.layout_blog_11 .w-grid-item-h{}.layout_blog_11 .usg_post_title_1{font-size:1.4rem!important;font-weight:700!important;margin-bottom:0.5rem!important}.layout_blog_11 .usg_hwrapper_1{color:var(--color-content-faded)!important;font-size:0.9rem!important}.layout_blog_11 .usg_post_taxonomy_1{font-weight:700!important;text-transform:uppercase!important}.layout_blog_11 .usg_post_image_1{margin-top:0.7rem!important}.layout_blog_11 .usg_post_content_1{max-width:600px!important;margin-top:0.8rem!important}@media (max-width:600px){.layout_blog_11 .usg_post_title_1{font-size:1.2rem!important}}<\/style><div class=\"w-grid-list\">\t<article class=\"w-grid-item us_animate_aft off_autostart size_1x1 post-17186 post type-post status-publish format-standard hentry category-sambapos-v5-pro-us category-uncategorized-us\" data-id=\"17186\" style=\"animation-delay:0s\">\r\n\t\t<div class=\"w-grid-item-h\">\r\n\t\t\t\t\t\t<h2 class=\"w-post-elm post_title usg_post_title_1 entry-title color_link_inherit\"><a href=\"https:\/\/letopos.com\/us\/sambapos-ile-tekerlekler-hep-donsun\/\">SambaPOS ile Tekerlekler Hep D\u00f6ns\u00fcn!<\/a><\/h2><div class=\"w-hwrapper usg_hwrapper_1 has_text_color align_none valign_top wrap\"><div class=\"w-post-elm post_taxonomy usg_post_taxonomy_1 style_simple\"><a class=\"term-82 term-sambapos-v5-pro-us\" href=\"https:\/\/letopos.com\/us\/category\/sambapos-v5-pro-us\/\">SambaPOS V5 Pro<\/a><b>, <\/b><a class=\"term-34 term-uncategorized-us\" href=\"https:\/\/letopos.com\/us\/category\/uncategorized-us\/\">Uncategorized @us<\/a><\/div><time class=\"w-post-elm post_date usg_post_date_1 entry-date published\" datetime=\"2022-10-11T17:42:51+00:00\" title=\"11 October 2022 at 17:42:51 +00:00\">4 years ago<\/time><\/div><div class=\"w-post-elm post_content usg_post_content_1\">G\u0131da sekt\u00f6r\u00fcnde hizmet vermek i\u00e7in i\u015flevsel ve minimal olarak tasarlan ara\u00e7lara yemek kamyonu ad\u0131 verilir. G\u0131da sekt\u00f6r\u00fcn\u00fcn uygulanabilir ve s\u00fcrd\u00fcr\u00fclebilir sekt\u00f6rlerinden biridir. Dondurma, kahve, fast food gibi geni\u015f yelpazede hizmet&hellip;<\/div>\t\t<\/div>\r\n\t\t\t<\/article>\r\n<\/div>\t<div class=\"w-grid-preloader\">\r\n\t\t<div class=\"g-preloader type_1\">\r\n\t\t\t<div><\/div>\r\n\t\t<\/div>\r\n\t<\/div>\r\n\t\t<div class=\"w-grid-json hidden\" onclick='return {&quot;action&quot;:&quot;us_ajax_grid&quot;,&quot;infinite_scroll&quot;:0,&quot;max_num_pages&quot;:1,&quot;pagination&quot;:&quot;infinite&quot;,&quot;template_vars&quot;:{&quot;columns&quot;:&quot;2&quot;,&quot;exclude_items&quot;:&quot;none&quot;,&quot;img_size&quot;:&quot;default&quot;,&quot;ignore_items_size&quot;:0,&quot;items_layout&quot;:&quot;blog_11&quot;,&quot;items_offset&quot;:&quot;1&quot;,&quot;load_animation&quot;:&quot;aft&quot;,&quot;overriding_link&quot;:&quot;{\\&quot;url\\&quot;:\\&quot;\\&quot;}&quot;,&quot;post_id&quot;:0,&quot;query_args&quot;:{&quot;post_type&quot;:[&quot;post&quot;],&quot;post_status&quot;:[&quot;publish&quot;],&quot;posts_per_page&quot;:&quot;8&quot;},&quot;orderby_query_args&quot;:{&quot;orderby&quot;:{&quot;date&quot;:&quot;DESC&quot;}},&quot;type&quot;:&quot;masonry&quot;,&quot;us_grid_post_type&quot;:&quot;post&quot;,&quot;us_grid_ajax_index&quot;:1,&quot;us_grid_filter_query_string&quot;:null,&quot;us_grid_index&quot;:1,&quot;page_args&quot;:[],&quot;lang&quot;:&quot;us&quot;}}'><\/div>\r\n\t<\/div><\/div><\/div><\/div><\/div><\/section>\n","protected":false},"excerpt":{"rendered":"G\u0131da sekt\u00f6r\u00fcnde hizmet vermek i\u00e7in i\u015flevsel ve minimal olarak tasarlan ara\u00e7lara yemek kamyonu ad\u0131 verilir. G\u0131da sekt\u00f6r\u00fcn\u00fcn uygulanabilir ve s\u00fcrd\u00fcr\u00fclebilir sekt\u00f6rlerinden biridir. Dondurma, kahve, fast food gibi geni\u015f yelpazede hizmet veren yemek kamyonlar\u0131 bazen masa ve sandalye ile cafe gibi de i\u015fletilebilmektedir. Yemek kamyonunun di\u011fer restoran ve kafelere g\u00f6re \u00e7ok daha az maliyetli olmas\u0131, diledi\u011finiz...","protected":false},"author":7,"featured_media":0,"parent":0,"menu_order":0,"comment_status":"closed","ping_status":"closed","template":"","meta":{"footnotes":""},"class_list":["post-19797","page","type-page","status-publish","hentry"],"_links":{"self":[{"href":"https:\/\/letopos.com\/us\/wp-json\/wp\/v2\/pages\/19797","targetHints":{"allow":["GET"]}}],"collection":[{"href":"https:\/\/letopos.com\/us\/wp-json\/wp\/v2\/pages"}],"about":[{"href":"https:\/\/letopos.com\/us\/wp-json\/wp\/v2\/types\/page"}],"author":[{"embeddable":true,"href":"https:\/\/letopos.com\/us\/wp-json\/wp\/v2\/users\/7"}],"replies":[{"embeddable":true,"href":"https:\/\/letopos.com\/us\/wp-json\/wp\/v2\/comments?post=19797"}],"version-history":[{"count":1,"href":"https:\/\/letopos.com\/us\/wp-json\/wp\/v2\/pages\/19797\/revisions"}],"predecessor-version":[{"id":19798,"href":"https:\/\/letopos.com\/us\/wp-json\/wp\/v2\/pages\/19797\/revisions\/19798"}],"wp:attachment":[{"href":"https:\/\/letopos.com\/us\/wp-json\/wp\/v2\/media?parent=19797"}],"curies":[{"name":"wp","href":"https:\/\/api.w.org\/{rel}","templated":true}]}}